{"id":538,"date":"2018-05-22T17:12:18","date_gmt":"2018-05-22T17:12:18","guid":{"rendered":"http:\/\/senebua.com\/wer-wir-sind\/"},"modified":"2022-07-08T09:12:50","modified_gmt":"2022-07-08T09:12:50","slug":"wer-wir-sind","status":"publish","type":"page","link":"https:\/\/senebua.com\/de\/wer-wir-sind\/","title":{"rendered":"\u00dcber uns"},"content":{"rendered":"\t\t<div data-elementor-type=\"wp-post\" data-elementor-id=\"538\" class=\"elementor elementor-538 elementor-123\">\n\t\t\t\t\t\t<section class=\"elementor-section elementor-top-section elementor-element elementor-element-5cffe125 elementor-section-boxed elementor-section-height-default elementor-section-height-default\" data-id=\"5cffe125\" data-element_type=\"section\" data-e-type=\"section\" data-settings=\"{&quot;background_background&quot;:&quot;classic&quot;}\">\n\t\t\t\t\t\t<div class=\"elementor-container elementor-column-gap-default\">\n\t\t\t\t\t<div class=\"elementor-column elementor-col-100 elementor-top-column elementor-element elementor-element-50595d30\" data-id=\"50595d30\" data-element_type=\"column\" data-e-type=\"column\">\n\t\t\t<div class=\"elementor-widget-wrap elementor-element-populated\">\n\t\t\t\t\t\t<div class=\"elementor-element elementor-element-6782f81a elementor-widget elementor-widget-heading\" data-id=\"6782f81a\" data-element_type=\"widget\" data-e-type=\"widget\" data-widget_type=\"heading.default\">\n\t\t\t\t<div class=\"elementor-widget-container\">\n\t\t\t\t\t<h2 class=\"elementor-heading-title elementor-size-default\">\u00dcber uns<\/h2>\t\t\t\t<\/div>\n\t\t\t\t<\/div>\n\t\t\t\t\t<\/div>\n\t\t<\/div>\n\t\t\t\t\t<\/div>\n\t\t<\/section>\n\t\t\t\t<section class=\"elementor-section elementor-top-section elementor-element elementor-element-540600c elementor-section-boxed elementor-section-height-default elementor-section-height-default\" data-id=\"540600c\" data-element_type=\"section\" data-e-type=\"section\">\n\t\t\t\t\t\t<div class=\"elementor-container elementor-column-gap-default\">\n\t\t\t\t\t<div class=\"elementor-column elementor-col-100 elementor-top-column elementor-element elementor-element-a40ff9b\" data-id=\"a40ff9b\" data-element_type=\"column\" data-e-type=\"column\">\n\t\t\t<div class=\"elementor-widget-wrap elementor-element-populated\">\n\t\t\t\t\t\t<div class=\"elementor-element elementor-element-b63f042 elementor-widget elementor-widget-text-editor\" data-id=\"b63f042\" data-element_type=\"widget\" data-e-type=\"widget\" data-widget_type=\"text-editor.default\">\n\t\t\t\t<div class=\"elementor-widget-container\">\n\t\t\t\t\t\t\t\t\t<p style=\"text-align: center;\">UNSERE VISION<\/p>\n\t\t\t\t\t\t\t\t<\/div>\n\t\t\t\t<\/div>\n\t\t\t\t<div class=\"elementor-element elementor-element-4c10400 elementor-widget elementor-widget-text-editor\" data-id=\"4c10400\" data-element_type=\"widget\" data-e-type=\"widget\" data-widget_type=\"text-editor.default\">\n\t\t\t\t<div class=\"elementor-widget-container\">\n\t\t\t\t\t\t\t\t\t<p style=\"text-align: center;\">Eine Welt, die dank gesunder Nahrungsmittel bl\u00fcht und gedeiht.<\/p>\n\t\t\t\t\t\t\t\t<\/div>\n\t\t\t\t<\/div>\n\t\t\t\t\t<\/div>\n\t\t<\/div>\n\t\t\t\t\t<\/div>\n\t\t<\/section>\n\t\t\t\t<section class=\"elementor-section elementor-top-section elementor-element elementor-element-c969e8b elementor-section-boxed elementor-section-height-default elementor-section-height-default\" data-id=\"c969e8b\" data-element_type=\"section\" data-e-type=\"section\">\n\t\t\t\t\t\t<div class=\"elementor-container elementor-column-gap-default\">\n\t\t\t\t\t<div class=\"elementor-column elementor-col-100 elementor-top-column elementor-element elementor-element-ee7b45b\" data-id=\"ee7b45b\" data-element_type=\"column\" data-e-type=\"column\">\n\t\t\t<div class=\"elementor-widget-wrap elementor-element-populated\">\n\t\t\t\t\t\t<div class=\"elementor-element elementor-element-8499f26 elementor-widget elementor-widget-text-editor\" data-id=\"8499f26\" data-element_type=\"widget\" data-e-type=\"widget\" data-widget_type=\"text-editor.default\">\n\t\t\t\t<div class=\"elementor-widget-container\">\n\t\t\t\t\t\t\t\t\t<p style=\"text-align: center;\">UNSERE MISSION<\/p>\n\t\t\t\t\t\t\t\t<\/div>\n\t\t\t\t<\/div>\n\t\t\t\t<div class=\"elementor-element elementor-element-b61863a elementor-widget elementor-widget-text-editor\" data-id=\"b61863a\" data-element_type=\"widget\" data-e-type=\"widget\" data-widget_type=\"text-editor.default\">\n\t\t\t\t<div class=\"elementor-widget-container\">\n\t\t\t\t\t\t\t\t\t<p style=\"text-align: center;\">Wir erm\u00f6glichen ein gesundes, nachhaltiges und sozialvertr\u00e4gliches Landwirtschaften f\u00fcr costa-ricanische Farmer*innen durch ein ganzheitliches Wirtschaftssystem, dass auf fairer Bezahlung und stetigem Training aufbaut sowie bei jedem Schritt von \u201cFarm bis zum Tisch\u201d unterst\u00fctzt.<span class=\"Apple-converted-space\">\u00a0<\/span><\/p>\n\t\t\t\t\t\t\t\t<\/div>\n\t\t\t\t<\/div>\n\t\t\t\t\t<\/div>\n\t\t<\/div>\n\t\t\t\t\t<\/div>\n\t\t<\/section>\n\t\t\t\t<section class=\"elementor-section elementor-top-section elementor-element elementor-element-75ceae4 elementor-section-boxed elementor-section-height-default elementor-section-height-default\" data-id=\"75ceae4\" data-element_type=\"section\" data-e-type=\"section\">\n\t\t\t\t\t\t<div class=\"elementor-container elementor-column-gap-default\">\n\t\t\t\t\t<div class=\"elementor-column elementor-col-100 elementor-top-column elementor-element elementor-element-f363a5a\" data-id=\"f363a5a\" data-element_type=\"column\" data-e-type=\"column\">\n\t\t\t<div class=\"elementor-widget-wrap elementor-element-populated\">\n\t\t\t\t\t\t<div class=\"elementor-element elementor-element-15e3cf5 elementor-widget elementor-widget-text-editor\" data-id=\"15e3cf5\" data-element_type=\"widget\" data-e-type=\"widget\" data-widget_type=\"text-editor.default\">\n\t\t\t\t<div class=\"elementor-widget-container\">\n\t\t\t\t\t\t\t\t\t<p style=\"text-align: center;\">UNSERE WERTE<\/p>\n\t\t\t\t\t\t\t\t<\/div>\n\t\t\t\t<\/div>\n\t\t\t\t<div class=\"elementor-element elementor-element-d9be962 elementor-widget elementor-widget-text-editor\" data-id=\"d9be962\" data-element_type=\"widget\" data-e-type=\"widget\" data-widget_type=\"text-editor.default\">\n\t\t\t\t<div class=\"elementor-widget-container\">\n\t\t\t\t\t\t\t\t\t<p><strong>Leidenschaft<\/strong>: wer mit Leidenschaft an das Leben geht, kann die Welt ver\u00e4ndern. Wir glauben, dass wir gemeinsam diesen Erdball so gestalten k\u00f6nnen, dass sich jeder Mensch am Leben erfreuen kann. Dazu sollten die, die <em>haben<\/em>, diejenigen unterst\u00fctzen, die <em>brauchen<\/em>.<\/p>\n<p><strong>Transparenz<\/strong>: Transparenz in seiner Essenz ist Ehrlichkeit, eine der S\u00e4ulen f\u00fcr unser organisches Agrikultur-System, das dar\u00fcberhinaus darauf abzielt, Ungerechtigkeit und Ungleichheit zu eliminieren.<\/p>\n<p><strong>Integrit\u00e4t<\/strong>: Sicherheit und Gesundheit von Mitarbeiter*innen, B\u00e4uer*innen und Kund*innen, sowie der Schutz der Umwelt stehen bei uns an oberster Stelle. Wir befolgen strikt die lokalen Gesetze und Regularien.<\/p>\n<p><strong>Langfristiges und sozial bewusstes Handeln<\/strong>: wir sind involviert in Praktiken, die positiv unsere Gemeinschaft f\u00f6rdern, w\u00e4hrend wir unsere negativen Umwelteinfl\u00fcsse reduzieren, wo immer m\u00f6glich.<\/p>\n<p><strong>Aufrichtig und respektvoll<\/strong>: wir tragen zu einem Arbeitsumfeld bei, das die Bed\u00fcrfnisse alle Beteiligten anerkennt und respektiert.<\/p>\n<p><strong>Teamwork<\/strong>: wir ziehen alle am gleichen Strang, \u00fcber Grenzen hinweg, um die Bed\u00fcrfnisse unserer Kund*innen voll und ganz zu befriedigen.<\/p>\n\t\t\t\t\t\t\t\t<\/div>\n\t\t\t\t<\/div>\n\t\t\t\t\t<\/div>\n\t\t<\/div>\n\t\t\t\t\t<\/div>\n\t\t<\/section>\n\t\t\t\t<section class=\"elementor-section elementor-top-section elementor-element elementor-element-c46bcba elementor-section-boxed elementor-section-height-default elementor-section-height-default\" data-id=\"c46bcba\" data-element_type=\"section\" data-e-type=\"section\">\n\t\t\t\t\t\t<div class=\"elementor-container elementor-column-gap-default\">\n\t\t\t\t\t<div class=\"elementor-column elementor-col-100 elementor-top-column elementor-element elementor-element-64f8d82\" data-id=\"64f8d82\" data-element_type=\"column\" data-e-type=\"column\">\n\t\t\t<div class=\"elementor-widget-wrap elementor-element-populated\">\n\t\t\t\t\t\t<div class=\"elementor-element elementor-element-a13a8ee elementor-widget elementor-widget-text-editor\" data-id=\"a13a8ee\" data-element_type=\"widget\" data-e-type=\"widget\" data-widget_type=\"text-editor.default\">\n\t\t\t\t<div class=\"elementor-widget-container\">\n\t\t\t\t\t\t\t\t\t<p style=\"text-align: center;\">Wof\u00fcr steht &#8218;Senebu\u00e0&#8216;?<\/p>\n\t\t\t\t\t\t\t\t<\/div>\n\t\t\t\t<\/div>\n\t\t\t\t\t<\/div>\n\t\t<\/div>\n\t\t\t\t\t<\/div>\n\t\t<\/section>\n\t\t\t\t<section class=\"elementor-section elementor-top-section elementor-element elementor-element-6e85ea7 elementor-section-boxed elementor-section-height-default elementor-section-height-default\" data-id=\"6e85ea7\" data-element_type=\"section\" data-e-type=\"section\">\n\t\t\t\t\t\t<div class=\"elementor-container elementor-column-gap-default\">\n\t\t\t\t\t<div class=\"elementor-column elementor-col-100 elementor-top-column elementor-element elementor-element-01de348\" data-id=\"01de348\" data-element_type=\"column\" data-e-type=\"column\">\n\t\t\t<div class=\"elementor-widget-wrap elementor-element-populated\">\n\t\t\t\t\t\t<div class=\"elementor-element elementor-element-098e817 elementor-widget elementor-widget-text-editor\" data-id=\"098e817\" data-element_type=\"widget\" data-e-type=\"widget\" data-widget_type=\"text-editor.default\">\n\t\t\t\t<div class=\"elementor-widget-container\">\n\t\t\t\t\t\t\t\t\t<p>&#8218;Senebu\u00e0&#8216; kommt aus der Sprache der Ureinwohner Costa Rica&#8217;s, den Br\u00edbri und steht f\u00fcr &#8222;respektvolles, nachhaltiges und kooperatives Miteinander zwischen Menschen und Natur&#8220;.<\/p>\n\t\t\t\t\t\t\t\t<\/div>\n\t\t\t\t<\/div>\n\t\t\t\t\t<\/div>\n\t\t<\/div>\n\t\t\t\t\t<\/div>\n\t\t<\/section>\n\t\t\t\t<section class=\"elementor-section elementor-top-section elementor-element elementor-element-0351054 elementor-section-boxed elementor-section-height-default elementor-section-height-default\" data-id=\"0351054\" data-element_type=\"section\" data-e-type=\"section\">\n\t\t\t\t\t\t<div class=\"elementor-container elementor-column-gap-default\">\n\t\t\t\t\t<div class=\"elementor-column elementor-col-100 elementor-top-column elementor-element elementor-element-c48725a\" data-id=\"c48725a\" data-element_type=\"column\" data-e-type=\"column\">\n\t\t\t<div class=\"elementor-widget-wrap elementor-element-populated\">\n\t\t\t\t\t\t<div class=\"elementor-element elementor-element-895e354 elementor-widget elementor-widget-text-editor\" data-id=\"895e354\" data-element_type=\"widget\" data-e-type=\"widget\" data-widget_type=\"text-editor.default\">\n\t\t\t\t<div class=\"elementor-widget-container\">\n\t\t\t\t\t\t\t\t\t<p>Unser Gr\u00fcnder<\/p>\n\t\t\t\t\t\t\t\t<\/div>\n\t\t\t\t<\/div>\n\t\t\t\t\t<\/div>\n\t\t<\/div>\n\t\t\t\t\t<\/div>\n\t\t<\/section>\n\t\t\t\t<section class=\"elementor-section elementor-top-section elementor-element elementor-element-1dde643 elementor-section-stretched elementor-section-full_width elementor-section-content-middle elementor-hidden-tablet elementor-section-height-default elementor-section-height-default\" data-id=\"1dde643\" data-element_type=\"section\" data-e-type=\"section\" data-settings=\"{&quot;stretch_section&quot;:&quot;section-stretched&quot;}\">\n\t\t\t\t\t\t<div class=\"elementor-container elementor-column-gap-no\">\n\t\t\t\t\t<div class=\"elementor-column elementor-col-50 elementor-top-column elementor-element elementor-element-677be6e\" data-id=\"677be6e\" data-element_type=\"column\" data-e-type=\"column\">\n\t\t\t<div class=\"elementor-widget-wrap elementor-element-populated\">\n\t\t\t\t\t\t<div class=\"elementor-element elementor-element-ab2fd4e elementor-widget elementor-widget-text-editor\" data-id=\"ab2fd4e\" data-element_type=\"widget\" data-e-type=\"widget\" data-widget_type=\"text-editor.default\">\n\t\t\t\t<div class=\"elementor-widget-container\">\n\t\t\t\t\t\t\t\t\t<p>Unser Gr\u00fcnder J\u00f6rg,: \u201cich bin \u00fcberzeugt, jeder kann heutzutage etwas tun, um diese Welt ein bisschen besser zu hinterlassen.\u201d<\/p>\n<p>Nach 20 Jahren in leitenden Funktionen in Marketing und Vertrieb, verliess J\u00f6rg die klassische Unternehmenswelt, um etwas mehr Gerechtigkeit in sein zweites Zuhause, Costa Rica, zu bringen.<\/p>\n<p>\u201cMir wurde bewusst, wie sehr insbesondere Kleinb\u00e4uer*innen, die sich der gesunden, biologischen Landwirtschaft verschrieben haben, mit ihrer Einkommenssituation k\u00e4mpfen. Hier m\u00f6chte ich den B\u00e4uer*innen mit meinem Wissen, meiner Erfahrung und meinen Kontakten nach Europa helfen, ein menschenw\u00fcrdiges Leben zu gestalten.\u201d<span class=\"Apple-converted-space\">\u00a0<\/span><\/p>\n\t\t\t\t\t\t\t\t<\/div>\n\t\t\t\t<\/div>\n\t\t\t\t\t<\/div>\n\t\t<\/div>\n\t\t\t\t<div class=\"elementor-column elementor-col-50 elementor-top-column elementor-element elementor-element-727b86c\" data-id=\"727b86c\" data-element_type=\"column\" data-e-type=\"column\">\n\t\t\t<div class=\"elementor-widget-wrap elementor-element-populated\">\n\t\t\t\t\t\t<div class=\"elementor-element elementor-element-9b1fc63 elementor-widget elementor-widget-image\" data-id=\"9b1fc63\" data-element_type=\"widget\" data-e-type=\"widget\" data-widget_type=\"image.default\">\n\t\t\t\t<div class=\"elementor-widget-container\">\n\t\t\t\t\t\t\t\t\t\t\t\t\t\t\t<img decoding=\"async\" src=\"https:\/\/senebua.com\/wp-content\/uploads\/elementor\/thumbs\/JS-q3m3n85d83kaq53urop7ygkwzekuz9v90g8zwavuo8.jpg\" title=\"JS\" alt=\"JS\" loading=\"lazy\" \/>\t\t\t\t\t\t\t\t\t\t\t\t\t\t\t<\/div>\n\t\t\t\t<\/div>\n\t\t\t\t\t<\/div>\n\t\t<\/div>\n\t\t\t\t\t<\/div>\n\t\t<\/section>\n\t\t\t\t<section class=\"elementor-section elementor-top-section elementor-element elementor-element-d402bb8 elementor-section-stretched elementor-section-full_width elementor-section-content-middle elementor-hidden-desktop elementor-hidden-phone elementor-section-height-default elementor-section-height-default\" data-id=\"d402bb8\" data-element_type=\"section\" data-e-type=\"section\" data-settings=\"{&quot;stretch_section&quot;:&quot;section-stretched&quot;}\">\n\t\t\t\t\t\t<div class=\"elementor-container elementor-column-gap-no\">\n\t\t\t\t\t<div class=\"elementor-column elementor-col-100 elementor-top-column elementor-element elementor-element-4378e0b\" data-id=\"4378e0b\" data-element_type=\"column\" data-e-type=\"column\">\n\t\t\t<div class=\"elementor-widget-wrap elementor-element-populated\">\n\t\t\t\t\t\t<div class=\"elementor-element elementor-element-9a0fec7 elementor-widget elementor-widget-text-editor\" data-id=\"9a0fec7\" data-element_type=\"widget\" data-e-type=\"widget\" data-widget_type=\"text-editor.default\">\n\t\t\t\t<div class=\"elementor-widget-container\">\n\t\t\t\t\t\t\t\t\t<p>Unser Gr\u00fcnder J\u00f6rg: \u201cich bin \u00fcberzeugt, jeder kann heutzutage etwas tun, um diese Welt ein bisschen besser zu hinterlassen.\u201d<\/p>\n<p>Nach 20 Jahren in leitenden Funktionen in Marketing und Vertrieb, verliess J\u00f6rg die klassische Unternehmenswelt, um etwas mehr Gerechtigkeit in sein zweites Zuhause, Costa Rica, zu bringen.<\/p>\n<p>\u201cMir wurde bewusst, wie sehr insbesondere Kleinb\u00e4uer*innen, die sich der gesunden, organischen Landwirtschaft verschrieben haben, mit ihrer Einkommenssituation k\u00e4mpfen. Hier m\u00f6chte ich den B\u00e4uer*innen mit meinem Wissen, meiner Erfahrung und meinen Kontakten nach Europa helfen, ein menschenw\u00fcrdiges Leben zu gestalten.\u201d<\/p>\n\t\t\t\t\t\t\t\t<\/div>\n\t\t\t\t<\/div>\n\t\t\t\t<div class=\"elementor-element elementor-element-ab2c106 elementor-widget elementor-widget-image\" data-id=\"ab2c106\" data-element_type=\"widget\" data-e-type=\"widget\" data-widget_type=\"image.default\">\n\t\t\t\t<div class=\"elementor-widget-container\">\n\t\t\t\t\t\t\t\t\t\t\t\t\t\t\t<img decoding=\"async\" src=\"https:\/\/senebua.com\/wp-content\/uploads\/elementor\/thumbs\/JS-q3m3n85d83kaq53urop7ygkwzekuz9v90g8zwavuo8.jpg\" title=\"JS\" alt=\"JS\" loading=\"lazy\" \/>\t\t\t\t\t\t\t\t\t\t\t\t\t\t\t<\/div>\n\t\t\t\t<\/div>\n\t\t\t\t\t<\/div>\n\t\t<\/div>\n\t\t\t\t\t<\/div>\n\t\t<\/section>\n\t\t\t\t<\/div>\n\t\t","protected":false},"excerpt":{"rendered":"<p>\u00dcber uns UNSERE VISION Eine Welt, die dank gesunder Nahrungsmittel bl\u00fcht und gedeiht. UNSERE MISSION Wir erm\u00f6glichen ein gesundes, nachhaltiges und sozialvertr\u00e4gliches Landwirtschaften f\u00fcr costa-ricanische Farmer*innen durch ein ganzheitliches Wirtschaftssystem, dass auf fairer Bezahlung und stetigem Training aufbaut sowie bei jedem Schritt von \u201cFarm bis zum Tisch\u201d unterst\u00fctzt.\u00a0 UNSERE WERTE Leidenschaft: wer mit Leidenschaft an [&hellip;]<\/p>\n","protected":false},"author":1,"featured_media":0,"parent":0,"menu_order":0,"comment_status":"closed","ping_status":"closed","template":"","meta":{"ocean_post_layout":"full-screen","ocean_both_sidebars_style":"","ocean_both_sidebars_content_width":0,"ocean_both_sidebars_sidebars_width":0,"ocean_sidebar":"0","ocean_second_sidebar":"0","ocean_disable_margins":"enable","ocean_add_body_class":"","ocean_shortcode_before_top_bar":"","ocean_shortcode_after_top_bar":"","ocean_shortcode_before_header":"","ocean_shortcode_after_header":"","ocean_has_shortcode":"","ocean_shortcode_after_title":"","ocean_shortcode_before_footer_widgets":"","ocean_shortcode_after_footer_widgets":"","ocean_shortcode_before_footer_bottom":"","ocean_shortcode_after_footer_bottom":"","ocean_display_top_bar":"default","ocean_display_header":"default","ocean_header_style":"","ocean_center_header_left_menu":"0","ocean_custom_header_template":"0","ocean_custom_logo":0,"ocean_custom_retina_logo":0,"ocean_custom_logo_max_width":0,"ocean_custom_logo_tablet_max_width":0,"ocean_custom_logo_mobile_max_width":0,"ocean_custom_logo_max_height":0,"ocean_custom_logo_tablet_max_height":0,"ocean_custom_logo_mobile_max_height":0,"ocean_header_custom_menu":"0","ocean_menu_typo_font_family":"","ocean_menu_typo_font_subset":"","ocean_menu_typo_font_size":0,"ocean_menu_typo_font_size_tablet":0,"ocean_menu_typo_font_size_mobile":0,"ocean_menu_typo_font_size_unit":"px","ocean_menu_typo_font_weight":"","ocean_menu_typo_font_weight_tablet":"","ocean_menu_typo_font_weight_mobile":"","ocean_menu_typo_transform":"","ocean_menu_typo_transform_tablet":"","ocean_menu_typo_transform_mobile":"","ocean_menu_typo_line_height":0,"ocean_menu_typo_line_height_tablet":0,"ocean_menu_typo_line_height_mobile":0,"ocean_menu_typo_line_height_unit":"","ocean_menu_typo_spacing":0,"ocean_menu_typo_spacing_tablet":0,"ocean_menu_typo_spacing_mobile":0,"ocean_menu_typo_spacing_unit":"","ocean_menu_link_color":"","ocean_menu_link_color_hover":"","ocean_menu_link_color_active":"","ocean_menu_link_background":"","ocean_menu_link_hover_background":"","ocean_menu_link_active_background":"","ocean_menu_social_links_bg":"","ocean_menu_social_hover_links_bg":"","ocean_menu_social_links_color":"","ocean_menu_social_hover_links_color":"","ocean_disable_title":"on","ocean_disable_heading":"default","ocean_post_title":"","ocean_post_subheading":"","ocean_post_title_style":"","ocean_post_title_background_color":"","ocean_post_title_background":0,"ocean_post_title_bg_image_position":"","ocean_post_title_bg_image_attachment":"","ocean_post_title_bg_image_repeat":"","ocean_post_title_bg_image_size":"","ocean_post_title_height":0,"ocean_post_title_bg_overlay":0.5,"ocean_post_title_bg_overlay_color":"","ocean_disable_breadcrumbs":"default","ocean_breadcrumbs_color":"","ocean_breadcrumbs_separator_color":"","ocean_breadcrumbs_links_color":"","ocean_breadcrumbs_links_hover_color":"","ocean_display_footer_widgets":"default","ocean_display_footer_bottom":"default","ocean_custom_footer_template":"","footnotes":""},"class_list":["post-538","page","type-page","status-publish","hentry","entry"],"_links":{"self":[{"href":"https:\/\/senebua.com\/de\/wp-json\/wp\/v2\/pages\/538","targetHints":{"allow":["GET"]}}],"collection":[{"href":"https:\/\/senebua.com\/de\/wp-json\/wp\/v2\/pages"}],"about":[{"href":"https:\/\/senebua.com\/de\/wp-json\/wp\/v2\/types\/page"}],"author":[{"embeddable":true,"href":"https:\/\/senebua.com\/de\/wp-json\/wp\/v2\/users\/1"}],"replies":[{"embeddable":true,"href":"https:\/\/senebua.com\/de\/wp-json\/wp\/v2\/comments?post=538"}],"version-history":[{"count":88,"href":"https:\/\/senebua.com\/de\/wp-json\/wp\/v2\/pages\/538\/revisions"}],"predecessor-version":[{"id":2597,"href":"https:\/\/senebua.com\/de\/wp-json\/wp\/v2\/pages\/538\/revisions\/2597"}],"wp:attachment":[{"href":"https:\/\/senebua.com\/de\/wp-json\/wp\/v2\/media?parent=538"}],"curies":[{"name":"wp","href":"https:\/\/api.w.org\/{rel}","templated":true}]}}