{"id":953,"date":"2018-05-29T08:24:32","date_gmt":"2018-05-29T08:24:32","guid":{"rendered":"http:\/\/senebua.com\/sobre-nosotros\/"},"modified":"2022-07-08T09:13:49","modified_gmt":"2022-07-08T09:13:49","slug":"sobre-nosotros","status":"publish","type":"page","link":"https:\/\/senebua.com\/es\/sobre-nosotros\/","title":{"rendered":"Quienes somos"},"content":{"rendered":"\t\t<div data-elementor-type=\"wp-post\" data-elementor-id=\"953\" class=\"elementor elementor-953 elementor-123\">\n\t\t\t\t\t\t<section class=\"elementor-section elementor-top-section elementor-element elementor-element-5cffe125 elementor-section-boxed elementor-section-height-default elementor-section-height-default\" data-id=\"5cffe125\" data-element_type=\"section\" data-e-type=\"section\" data-settings=\"{&quot;background_background&quot;:&quot;classic&quot;}\">\n\t\t\t\t\t\t<div class=\"elementor-container elementor-column-gap-default\">\n\t\t\t\t\t<div class=\"elementor-column elementor-col-100 elementor-top-column elementor-element elementor-element-50595d30\" data-id=\"50595d30\" data-element_type=\"column\" data-e-type=\"column\">\n\t\t\t<div class=\"elementor-widget-wrap elementor-element-populated\">\n\t\t\t\t\t\t<div class=\"elementor-element elementor-element-6782f81a elementor-widget elementor-widget-heading\" data-id=\"6782f81a\" data-element_type=\"widget\" data-e-type=\"widget\" data-widget_type=\"heading.default\">\n\t\t\t\t<div class=\"elementor-widget-container\">\n\t\t\t\t\t<h2 class=\"elementor-heading-title elementor-size-default\">Quienes somos<\/h2>\t\t\t\t<\/div>\n\t\t\t\t<\/div>\n\t\t\t\t\t<\/div>\n\t\t<\/div>\n\t\t\t\t\t<\/div>\n\t\t<\/section>\n\t\t\t\t<section class=\"elementor-section elementor-top-section elementor-element elementor-element-540600c elementor-section-boxed elementor-section-height-default elementor-section-height-default\" data-id=\"540600c\" data-element_type=\"section\" data-e-type=\"section\">\n\t\t\t\t\t\t<div class=\"elementor-container elementor-column-gap-default\">\n\t\t\t\t\t<div class=\"elementor-column elementor-col-100 elementor-top-column elementor-element elementor-element-a40ff9b\" data-id=\"a40ff9b\" data-element_type=\"column\" data-e-type=\"column\">\n\t\t\t<div class=\"elementor-widget-wrap elementor-element-populated\">\n\t\t\t\t\t\t<div class=\"elementor-element elementor-element-b63f042 elementor-widget elementor-widget-text-editor\" data-id=\"b63f042\" data-element_type=\"widget\" data-e-type=\"widget\" data-widget_type=\"text-editor.default\">\n\t\t\t\t<div class=\"elementor-widget-container\">\n\t\t\t\t\t\t\t\t\t<p>NUESTRA VISI\u00d3N<\/p>\n\t\t\t\t\t\t\t\t<\/div>\n\t\t\t\t<\/div>\n\t\t\t\t<div class=\"elementor-element elementor-element-4c10400 elementor-widget elementor-widget-text-editor\" data-id=\"4c10400\" data-element_type=\"widget\" data-e-type=\"widget\" data-widget_type=\"text-editor.default\">\n\t\t\t\t<div class=\"elementor-widget-container\">\n\t\t\t\t\t\t\t\t\t<p>Un mundo que florece y prospera gracias a la comida sana<\/p>\n\t\t\t\t\t\t\t\t<\/div>\n\t\t\t\t<\/div>\n\t\t\t\t\t<\/div>\n\t\t<\/div>\n\t\t\t\t\t<\/div>\n\t\t<\/section>\n\t\t\t\t<section class=\"elementor-section elementor-top-section elementor-element elementor-element-c969e8b elementor-section-boxed elementor-section-height-default elementor-section-height-default\" data-id=\"c969e8b\" data-element_type=\"section\" data-e-type=\"section\">\n\t\t\t\t\t\t<div class=\"elementor-container elementor-column-gap-default\">\n\t\t\t\t\t<div class=\"elementor-column elementor-col-100 elementor-top-column elementor-element elementor-element-ee7b45b\" data-id=\"ee7b45b\" data-element_type=\"column\" data-e-type=\"column\">\n\t\t\t<div class=\"elementor-widget-wrap elementor-element-populated\">\n\t\t\t\t\t\t<div class=\"elementor-element elementor-element-8499f26 elementor-widget elementor-widget-text-editor\" data-id=\"8499f26\" data-element_type=\"widget\" data-e-type=\"widget\" data-widget_type=\"text-editor.default\">\n\t\t\t\t<div class=\"elementor-widget-container\">\n\t\t\t\t\t\t\t\t\t<p>NUESTRA MISI\u00d3N<\/p>\n\t\t\t\t\t\t\t\t<\/div>\n\t\t\t\t<\/div>\n\t\t\t\t<div class=\"elementor-element elementor-element-b61863a elementor-widget elementor-widget-text-editor\" data-id=\"b61863a\" data-element_type=\"widget\" data-e-type=\"widget\" data-widget_type=\"text-editor.default\">\n\t\t\t\t<div class=\"elementor-widget-container\">\n\t\t\t\t\t\t\t\t\t<p>Permitimos una agricultura saludable, sostenible y socialmente responsable para los agricultores de Costa Rica a trav\u00e9s de un sistema de comercio hol\u00edstico que se basa en el pago justo y la capacitaci\u00f3n contin\u00faa y los respalda desde la granja hasta la mesa en cada paso del camino.<\/p>\n\t\t\t\t\t\t\t\t<\/div>\n\t\t\t\t<\/div>\n\t\t\t\t\t<\/div>\n\t\t<\/div>\n\t\t\t\t\t<\/div>\n\t\t<\/section>\n\t\t\t\t<section class=\"elementor-section elementor-top-section elementor-element elementor-element-75ceae4 elementor-section-boxed elementor-section-height-default elementor-section-height-default\" data-id=\"75ceae4\" data-element_type=\"section\" data-e-type=\"section\">\n\t\t\t\t\t\t<div class=\"elementor-container elementor-column-gap-default\">\n\t\t\t\t\t<div class=\"elementor-column elementor-col-100 elementor-top-column elementor-element elementor-element-f363a5a\" data-id=\"f363a5a\" data-element_type=\"column\" data-e-type=\"column\">\n\t\t\t<div class=\"elementor-widget-wrap elementor-element-populated\">\n\t\t\t\t\t\t<div class=\"elementor-element elementor-element-15e3cf5 elementor-widget elementor-widget-text-editor\" data-id=\"15e3cf5\" data-element_type=\"widget\" data-e-type=\"widget\" data-widget_type=\"text-editor.default\">\n\t\t\t\t<div class=\"elementor-widget-container\">\n\t\t\t\t\t\t\t\t\t<p>NUESTROS VALORES<\/p>\n\t\t\t\t\t\t\t\t<\/div>\n\t\t\t\t<\/div>\n\t\t\t\t<div class=\"elementor-element elementor-element-d9be962 elementor-widget elementor-widget-text-editor\" data-id=\"d9be962\" data-element_type=\"widget\" data-e-type=\"widget\" data-widget_type=\"text-editor.default\">\n\t\t\t\t<div class=\"elementor-widget-container\">\n\t\t\t\t\t\t\t\t\t<p><strong>Pasi\u00f3n<\/strong>: la pasi\u00f3n por la vida puede cambiar el mundo, y creemos que juntos podemos formar este mundo para que todos puedan disfrutar de la vida, y aquellos que <i>tienen<\/i>\u00a0de apoyar a quienes lo <i>necesitan<\/i>.<\/p>\n<p><strong>Transparencia<\/strong>: la transparencia en su esencia es la honestidad, uno de los pilares de nuestro sistema de agricultura org\u00e1nica, que tambi\u00e9n busca eliminar la injusticia y la desigualdad<\/p>\n<p><strong>Integridad<\/strong>: la seguridad y la salud de los empleados, agricultores y clientes, as\u00ed como la protecci\u00f3n del medio ambiente son nuestra principal prioridad. Seguimos estrictamente las leyes y regulaciones locales.<\/p>\n<p><strong>Acci\u00f3n a largo plazo y con conciencia social<\/strong>: estamos involucrados en pr\u00e1cticas que empoderan positivamente a nuestra comunidad y reducen nuestro impacto ambiental negativo siempre que sea posible.<\/p>\n<p><strong>Sincero y respetuoso<\/strong>: contribuimos a un ambiente de trabajo que reconoce y respeta las necesidades de todos los interesados<\/p>\n<p><strong>Trabajo en equipo<\/strong>: todos trabajamos juntos, a trav\u00e9s de las fronteras para satisfacer plenamente las necesidades de nuestros clientes.<\/p>\n\t\t\t\t\t\t\t\t<\/div>\n\t\t\t\t<\/div>\n\t\t\t\t\t<\/div>\n\t\t<\/div>\n\t\t\t\t\t<\/div>\n\t\t<\/section>\n\t\t\t\t<section class=\"elementor-section elementor-top-section elementor-element elementor-element-c46bcba elementor-section-boxed elementor-section-height-default elementor-section-height-default\" data-id=\"c46bcba\" data-element_type=\"section\" data-e-type=\"section\">\n\t\t\t\t\t\t<div class=\"elementor-container elementor-column-gap-default\">\n\t\t\t\t\t<div class=\"elementor-column elementor-col-100 elementor-top-column elementor-element elementor-element-64f8d82\" data-id=\"64f8d82\" data-element_type=\"column\" data-e-type=\"column\">\n\t\t\t<div class=\"elementor-widget-wrap elementor-element-populated\">\n\t\t\t\t\t\t<div class=\"elementor-element elementor-element-a13a8ee elementor-widget elementor-widget-text-editor\" data-id=\"a13a8ee\" data-element_type=\"widget\" data-e-type=\"widget\" data-widget_type=\"text-editor.default\">\n\t\t\t\t<div class=\"elementor-widget-container\">\n\t\t\t\t\t\t\t\t\t<p>\u00bfQu\u00e9 significa &#8216;Senebu\u00e0&#8217;?<\/p>\n\t\t\t\t\t\t\t\t<\/div>\n\t\t\t\t<\/div>\n\t\t\t\t\t<\/div>\n\t\t<\/div>\n\t\t\t\t\t<\/div>\n\t\t<\/section>\n\t\t\t\t<section class=\"elementor-section elementor-top-section elementor-element elementor-element-6e85ea7 elementor-section-boxed elementor-section-height-default elementor-section-height-default\" data-id=\"6e85ea7\" data-element_type=\"section\" data-e-type=\"section\">\n\t\t\t\t\t\t<div class=\"elementor-container elementor-column-gap-default\">\n\t\t\t\t\t<div class=\"elementor-column elementor-col-100 elementor-top-column elementor-element elementor-element-01de348\" data-id=\"01de348\" data-element_type=\"column\" data-e-type=\"column\">\n\t\t\t<div class=\"elementor-widget-wrap elementor-element-populated\">\n\t\t\t\t\t\t<div class=\"elementor-element elementor-element-098e817 elementor-widget elementor-widget-text-editor\" data-id=\"098e817\" data-element_type=\"widget\" data-e-type=\"widget\" data-widget_type=\"text-editor.default\">\n\t\t\t\t<div class=\"elementor-widget-container\">\n\t\t\t\t\t\t\t\t\t<p>\u00abSenebu\u00e0\u00bb proviene de la lengua materna de Costa Rica, Br\u00edbri, y significa \u00abconvivencia respetuosa, sostenible y cooperativa entre los seres humanos y la naturaleza\u00bb<\/p>\n\t\t\t\t\t\t\t\t<\/div>\n\t\t\t\t<\/div>\n\t\t\t\t\t<\/div>\n\t\t<\/div>\n\t\t\t\t\t<\/div>\n\t\t<\/section>\n\t\t\t\t<section class=\"elementor-section elementor-top-section elementor-element elementor-element-0351054 elementor-section-boxed elementor-section-height-default elementor-section-height-default\" data-id=\"0351054\" data-element_type=\"section\" data-e-type=\"section\">\n\t\t\t\t\t\t<div class=\"elementor-container elementor-column-gap-default\">\n\t\t\t\t\t<div class=\"elementor-column elementor-col-100 elementor-top-column elementor-element elementor-element-c48725a\" data-id=\"c48725a\" data-element_type=\"column\" data-e-type=\"column\">\n\t\t\t<div class=\"elementor-widget-wrap elementor-element-populated\">\n\t\t\t\t\t\t<div class=\"elementor-element elementor-element-895e354 elementor-widget elementor-widget-text-editor\" data-id=\"895e354\" data-element_type=\"widget\" data-e-type=\"widget\" data-widget_type=\"text-editor.default\">\n\t\t\t\t<div class=\"elementor-widget-container\">\n\t\t\t\t\t\t\t\t\t<p>Nuestro fundador<\/p>\n\t\t\t\t\t\t\t\t<\/div>\n\t\t\t\t<\/div>\n\t\t\t\t\t<\/div>\n\t\t<\/div>\n\t\t\t\t\t<\/div>\n\t\t<\/section>\n\t\t\t\t<section class=\"elementor-section elementor-top-section elementor-element elementor-element-1dde643 elementor-section-stretched elementor-section-full_width elementor-section-content-middle elementor-hidden-tablet elementor-section-height-default elementor-section-height-default\" data-id=\"1dde643\" data-element_type=\"section\" data-e-type=\"section\" data-settings=\"{&quot;stretch_section&quot;:&quot;section-stretched&quot;}\">\n\t\t\t\t\t\t<div class=\"elementor-container elementor-column-gap-no\">\n\t\t\t\t\t<div class=\"elementor-column elementor-col-50 elementor-top-column elementor-element elementor-element-677be6e\" data-id=\"677be6e\" data-element_type=\"column\" data-e-type=\"column\">\n\t\t\t<div class=\"elementor-widget-wrap elementor-element-populated\">\n\t\t\t\t\t\t<div class=\"elementor-element elementor-element-ab2fd4e elementor-widget elementor-widget-text-editor\" data-id=\"ab2fd4e\" data-element_type=\"widget\" data-e-type=\"widget\" data-widget_type=\"text-editor.default\">\n\t\t\t\t<div class=\"elementor-widget-container\">\n\t\t\t\t\t\t\t\t\t<p>Nuestro fundador J\u00f6rg:\u00bbestoy convencido de que cada uno puede hacer algo para dejar este mundo un poco mejor.\u00bb<\/p>\n<p>Despu\u00e9s de 20 a\u00f1os en puestos de direcci\u00f3n de marketing y ventas, J\u00f6rg dej\u00f3 el mundo empresarial tradicional para traer un poco m\u00e1s de justicia a\u00a0su segundo hogar, Costa Rica.<\/p>\n<p>\u00abMe di cuenta de cu\u00e1ntos particulares peque\u00f1os agricultores, que est\u00e1n comprometidos con la agricultura sana, org\u00e1nica, luchaban con sus niveles de ingresos. Aqu\u00ed quiero ayudar a los agricultores con mis conocimientos, mi experiencia y mis contactos a Europa\u00bb.<\/p>\n\t\t\t\t\t\t\t\t<\/div>\n\t\t\t\t<\/div>\n\t\t\t\t\t<\/div>\n\t\t<\/div>\n\t\t\t\t<div class=\"elementor-column elementor-col-50 elementor-top-column elementor-element elementor-element-727b86c\" data-id=\"727b86c\" data-element_type=\"column\" data-e-type=\"column\">\n\t\t\t<div class=\"elementor-widget-wrap elementor-element-populated\">\n\t\t\t\t\t\t<div class=\"elementor-element elementor-element-9b1fc63 elementor-widget elementor-widget-image\" data-id=\"9b1fc63\" data-element_type=\"widget\" data-e-type=\"widget\" data-widget_type=\"image.default\">\n\t\t\t\t<div class=\"elementor-widget-container\">\n\t\t\t\t\t\t\t\t\t\t\t\t\t\t\t<img decoding=\"async\" src=\"https:\/\/senebua.com\/wp-content\/uploads\/elementor\/thumbs\/JS-q3m3n85d83kaq53urop7ygkwzekuz9v90g8zwavuo8.jpg\" title=\"JS\" alt=\"JS\" loading=\"lazy\" \/>\t\t\t\t\t\t\t\t\t\t\t\t\t\t\t<\/div>\n\t\t\t\t<\/div>\n\t\t\t\t\t<\/div>\n\t\t<\/div>\n\t\t\t\t\t<\/div>\n\t\t<\/section>\n\t\t\t\t<section class=\"elementor-section elementor-top-section elementor-element elementor-element-d402bb8 elementor-section-stretched elementor-section-full_width elementor-section-content-middle elementor-hidden-desktop elementor-hidden-phone elementor-section-height-default elementor-section-height-default\" data-id=\"d402bb8\" data-element_type=\"section\" data-e-type=\"section\" data-settings=\"{&quot;stretch_section&quot;:&quot;section-stretched&quot;}\">\n\t\t\t\t\t\t<div class=\"elementor-container elementor-column-gap-no\">\n\t\t\t\t\t<div class=\"elementor-column elementor-col-100 elementor-top-column elementor-element elementor-element-4378e0b\" data-id=\"4378e0b\" data-element_type=\"column\" data-e-type=\"column\">\n\t\t\t<div class=\"elementor-widget-wrap elementor-element-populated\">\n\t\t\t\t\t\t<div class=\"elementor-element elementor-element-9a0fec7 elementor-widget elementor-widget-text-editor\" data-id=\"9a0fec7\" data-element_type=\"widget\" data-e-type=\"widget\" data-widget_type=\"text-editor.default\">\n\t\t\t\t<div class=\"elementor-widget-container\">\n\t\t\t\t\t\t\t\t\t<p>Nuestro fundador J\u00f6rg: \u00abestoy convencido de que cada uno puede hacer algo para dejar este mundo un poco mejor.\u00bb<\/p>\n<p>Despu\u00e9s de 20 a\u00f1os en puestos de direcci\u00f3n de marketing y ventas, J\u00f6rg dej\u00f3 el mundo empresarial tradicional para traer un poco m\u00e1s de justicia a su segundo hogar, Costa Rica.<\/p>\n<p>\u00abMe di cuenta de cu\u00e1ntos particulares peque\u00f1os agricultores, que est\u00e1n comprometidos con la agricultura sana, org\u00e1nica, luchaban con sus niveles de ingresos. Aqu\u00ed quiero ayudar a los agricultores con mis conocimientos, mi experiencia y mis contactos a Europa\u00bb.<\/p>\n\t\t\t\t\t\t\t\t<\/div>\n\t\t\t\t<\/div>\n\t\t\t\t<div class=\"elementor-element elementor-element-ab2c106 elementor-widget elementor-widget-image\" data-id=\"ab2c106\" data-element_type=\"widget\" data-e-type=\"widget\" data-widget_type=\"image.default\">\n\t\t\t\t<div class=\"elementor-widget-container\">\n\t\t\t\t\t\t\t\t\t\t\t\t\t\t\t<img decoding=\"async\" src=\"https:\/\/senebua.com\/wp-content\/uploads\/elementor\/thumbs\/JS-q3m3n85d83kaq53urop7ygkwzekuz9v90g8zwavuo8.jpg\" title=\"JS\" alt=\"JS\" loading=\"lazy\" \/>\t\t\t\t\t\t\t\t\t\t\t\t\t\t\t<\/div>\n\t\t\t\t<\/div>\n\t\t\t\t\t<\/div>\n\t\t<\/div>\n\t\t\t\t\t<\/div>\n\t\t<\/section>\n\t\t\t\t<\/div>\n\t\t","protected":false},"excerpt":{"rendered":"<p>Quienes somos NUESTRA VISI\u00d3N Un mundo que florece y prospera gracias a la comida sana NUESTRA MISI\u00d3N Permitimos una agricultura saludable, sostenible y socialmente responsable para los agricultores de Costa Rica a trav\u00e9s de un sistema de comercio hol\u00edstico que se basa en el pago justo y la capacitaci\u00f3n contin\u00faa y los respalda desde la [&hellip;]<\/p>\n","protected":false},"author":1,"featured_media":0,"parent":0,"menu_order":0,"comment_status":"closed","ping_status":"closed","template":"","meta":{"ocean_post_layout":"full-screen","ocean_both_sidebars_style":"","ocean_both_sidebars_content_width":0,"ocean_both_sidebars_sidebars_width":0,"ocean_sidebar":"0","ocean_second_sidebar":"0","ocean_disable_margins":"enable","ocean_add_body_class":"","ocean_shortcode_before_top_bar":"","ocean_shortcode_after_top_bar":"","ocean_shortcode_before_header":"","ocean_shortcode_after_header":"","ocean_has_shortcode":"","ocean_shortcode_after_title":"","ocean_shortcode_before_footer_widgets":"","ocean_shortcode_after_footer_widgets":"","ocean_shortcode_before_footer_bottom":"","ocean_shortcode_after_footer_bottom":"","ocean_display_top_bar":"default","ocean_display_header":"default","ocean_header_style":"","ocean_center_header_left_menu":"0","ocean_custom_header_template":"0","ocean_custom_logo":0,"ocean_custom_retina_logo":0,"ocean_custom_logo_max_width":0,"ocean_custom_logo_tablet_max_width":0,"ocean_custom_logo_mobile_max_width":0,"ocean_custom_logo_max_height":0,"ocean_custom_logo_tablet_max_height":0,"ocean_custom_logo_mobile_max_height":0,"ocean_header_custom_menu":"0","ocean_menu_typo_font_family":"","ocean_menu_typo_font_subset":"","ocean_menu_typo_font_size":0,"ocean_menu_typo_font_size_tablet":0,"ocean_menu_typo_font_size_mobile":0,"ocean_menu_typo_font_size_unit":"px","ocean_menu_typo_font_weight":"","ocean_menu_typo_font_weight_tablet":"","ocean_menu_typo_font_weight_mobile":"","ocean_menu_typo_transform":"","ocean_menu_typo_transform_tablet":"","ocean_menu_typo_transform_mobile":"","ocean_menu_typo_line_height":0,"ocean_menu_typo_line_height_tablet":0,"ocean_menu_typo_line_height_mobile":0,"ocean_menu_typo_line_height_unit":"","ocean_menu_typo_spacing":0,"ocean_menu_typo_spacing_tablet":0,"ocean_menu_typo_spacing_mobile":0,"ocean_menu_typo_spacing_unit":"","ocean_menu_link_color":"","ocean_menu_link_color_hover":"","ocean_menu_link_color_active":"","ocean_menu_link_background":"","ocean_menu_link_hover_background":"","ocean_menu_link_active_background":"","ocean_menu_social_links_bg":"","ocean_menu_social_hover_links_bg":"","ocean_menu_social_links_color":"","ocean_menu_social_hover_links_color":"","ocean_disable_title":"on","ocean_disable_heading":"default","ocean_post_title":"","ocean_post_subheading":"","ocean_post_title_style":"","ocean_post_title_background_color":"","ocean_post_title_background":0,"ocean_post_title_bg_image_position":"","ocean_post_title_bg_image_attachment":"","ocean_post_title_bg_image_repeat":"","ocean_post_title_bg_image_size":"","ocean_post_title_height":0,"ocean_post_title_bg_overlay":0.5,"ocean_post_title_bg_overlay_color":"","ocean_disable_breadcrumbs":"default","ocean_breadcrumbs_color":"","ocean_breadcrumbs_separator_color":"","ocean_breadcrumbs_links_color":"","ocean_breadcrumbs_links_hover_color":"","ocean_display_footer_widgets":"default","ocean_display_footer_bottom":"default","ocean_custom_footer_template":"","footnotes":""},"class_list":["post-953","page","type-page","status-publish","hentry","entry"],"_links":{"self":[{"href":"https:\/\/senebua.com\/es\/wp-json\/wp\/v2\/pages\/953","targetHints":{"allow":["GET"]}}],"collection":[{"href":"https:\/\/senebua.com\/es\/wp-json\/wp\/v2\/pages"}],"about":[{"href":"https:\/\/senebua.com\/es\/wp-json\/wp\/v2\/types\/page"}],"author":[{"embeddable":true,"href":"https:\/\/senebua.com\/es\/wp-json\/wp\/v2\/users\/1"}],"replies":[{"embeddable":true,"href":"https:\/\/senebua.com\/es\/wp-json\/wp\/v2\/comments?post=953"}],"version-history":[{"count":57,"href":"https:\/\/senebua.com\/es\/wp-json\/wp\/v2\/pages\/953\/revisions"}],"predecessor-version":[{"id":2598,"href":"https:\/\/senebua.com\/es\/wp-json\/wp\/v2\/pages\/953\/revisions\/2598"}],"wp:attachment":[{"href":"https:\/\/senebua.com\/es\/wp-json\/wp\/v2\/media?parent=953"}],"curies":[{"name":"wp","href":"https:\/\/api.w.org\/{rel}","templated":true}]}}